{"id":239,"date":"2021-03-19T14:40:04","date_gmt":"2021-03-19T13:40:04","guid":{"rendered":"https:\/\/www.sjgsanchez.fr\/gabrielattic\/?page_id=239"},"modified":"2021-03-19T14:50:22","modified_gmt":"2021-03-19T13:50:22","slug":"accompagnement","status":"publish","type":"page","link":"https:\/\/www.sjgsanchez.fr\/gabrielattic\/accompagnement\/","title":{"rendered":"Accompagnement"},"content":{"rendered":"\n<ul class=\"wp-block-list\"><li>Gestion des peurs (inqui\u00e9tudes, phobies, angoisses)<\/li><li>Connaissance de soi (moi, persona, ombre)<\/li><li>R\u00e9solution de conflits<\/li><li>Qu&rsquo;est-ce qu&rsquo;un symbole dans la qu\u00eate de sens?<\/li><\/ul>\n","protected":false},"excerpt":{"rendered":"<p>Gestion des peurs (inqui\u00e9tudes, phobies, angoisses) Connaissance de soi (moi, persona, ombre) R\u00e9solution de conflits Qu&rsquo;est-ce qu&rsquo;un symbole dans la qu\u00eate de sens?<\/p>\n","protected":false},"author":2,"featured_media":0,"parent":0,"menu_order":0,"comment_status":"closed","ping_status":"closed","template":"","meta":{"footnotes":""},"class_list":["post-239","page","type-page","status-publish","hentry"],"yoast_head":"<!-- This site is optimized with the Yoast SEO plugin v25.5 - https:\/\/yoast.com\/wordpress\/plugins\/seo\/ -->\n<title>Accompagnement - Gabriel Attic<\/title>\n<meta name=\"robots\" content=\"index, follow, max-snippet:-1, max-image-preview:large, max-video-preview:-1\" \/>\n<link rel=\"canonical\" href=\"https:\/\/gabrielattic.com\/accompagnement\/\" \/>\n<meta property=\"og:locale\" content=\"fr_FR\" \/>\n<meta property=\"og:type\" content=\"article\" \/>\n<meta property=\"og:title\" content=\"Accompagnement - Gabriel Attic\" \/>\n<meta property=\"og:description\" content=\"Gestion des peurs (inqui\u00e9tudes, phobies, angoisses) Connaissance de soi (moi, persona, ombre) R\u00e9solution de conflits Qu&rsquo;est-ce qu&rsquo;un symbole dans la qu\u00eate de sens?\" \/>\n<meta property=\"og:url\" content=\"https:\/\/gabrielattic.com\/accompagnement\/\" \/>\n<meta property=\"og:site_name\" content=\"Gabriel Attic\" \/>\n<meta property=\"article:modified_time\" content=\"2021-03-19T13:50:22+00:00\" \/>\n<meta name=\"twitter:card\" content=\"summary_large_image\" \/>\n<script type=\"application\/ld+json\" class=\"yoast-schema-graph\">{\"@context\":\"https:\/\/schema.org\",\"@graph\":[{\"@type\":\"WebPage\",\"@id\":\"https:\/\/gabrielattic.com\/accompagnement\/\",\"url\":\"https:\/\/gabrielattic.com\/accompagnement\/\",\"name\":\"Accompagnement - Gabriel Attic\",\"isPartOf\":{\"@id\":\"http:\/\/www.gabrielattic.com\/#website\"},\"datePublished\":\"2021-03-19T13:40:04+00:00\",\"dateModified\":\"2021-03-19T13:50:22+00:00\",\"breadcrumb\":{\"@id\":\"https:\/\/gabrielattic.com\/accompagnement\/#breadcrumb\"},\"inLanguage\":\"fr-FR\",\"potentialAction\":[{\"@type\":\"ReadAction\",\"target\":[\"https:\/\/gabrielattic.com\/accompagnement\/\"]}]},{\"@type\":\"BreadcrumbList\",\"@id\":\"https:\/\/gabrielattic.com\/accompagnement\/#breadcrumb\",\"itemListElement\":[{\"@type\":\"ListItem\",\"position\":1,\"name\":\"Accueil\",\"item\":\"http:\/\/www.gabrielattic.com\/\"},{\"@type\":\"ListItem\",\"position\":2,\"name\":\"Accompagnement\"}]},{\"@type\":\"WebSite\",\"@id\":\"http:\/\/www.gabrielattic.com\/#website\",\"url\":\"http:\/\/www.gabrielattic.com\/\",\"name\":\"Gabriel Attic\",\"description\":\"\",\"potentialAction\":[{\"@type\":\"SearchAction\",\"target\":{\"@type\":\"EntryPoint\",\"urlTemplate\":\"http:\/\/www.gabrielattic.com\/?s={search_term_string}\"},\"query-input\":{\"@type\":\"PropertyValueSpecification\",\"valueRequired\":true,\"valueName\":\"search_term_string\"}}],\"inLanguage\":\"fr-FR\"}]}<\/script>\n<!-- \/ Yoast SEO plugin. -->","yoast_head_json":{"title":"Accompagnement - Gabriel Attic","robots":{"index":"index","follow":"follow","max-snippet":"max-snippet:-1","max-image-preview":"max-image-preview:large","max-video-preview":"max-video-preview:-1"},"canonical":"https:\/\/gabrielattic.com\/accompagnement\/","og_locale":"fr_FR","og_type":"article","og_title":"Accompagnement - Gabriel Attic","og_description":"Gestion des peurs (inqui\u00e9tudes, phobies, angoisses) Connaissance de soi (moi, persona, ombre) R\u00e9solution de conflits Qu&rsquo;est-ce qu&rsquo;un symbole dans la qu\u00eate de sens?","og_url":"https:\/\/gabrielattic.com\/accompagnement\/","og_site_name":"Gabriel Attic","article_modified_time":"2021-03-19T13:50:22+00:00","twitter_card":"summary_large_image","schema":{"@context":"https:\/\/schema.org","@graph":[{"@type":"WebPage","@id":"https:\/\/gabrielattic.com\/accompagnement\/","url":"https:\/\/gabrielattic.com\/accompagnement\/","name":"Accompagnement - Gabriel Attic","isPartOf":{"@id":"http:\/\/www.gabrielattic.com\/#website"},"datePublished":"2021-03-19T13:40:04+00:00","dateModified":"2021-03-19T13:50:22+00:00","breadcrumb":{"@id":"https:\/\/gabrielattic.com\/accompagnement\/#breadcrumb"},"inLanguage":"fr-FR","potentialAction":[{"@type":"ReadAction","target":["https:\/\/gabrielattic.com\/accompagnement\/"]}]},{"@type":"BreadcrumbList","@id":"https:\/\/gabrielattic.com\/accompagnement\/#breadcrumb","itemListElement":[{"@type":"ListItem","position":1,"name":"Accueil","item":"http:\/\/www.gabrielattic.com\/"},{"@type":"ListItem","position":2,"name":"Accompagnement"}]},{"@type":"WebSite","@id":"http:\/\/www.gabrielattic.com\/#website","url":"http:\/\/www.gabrielattic.com\/","name":"Gabriel Attic","description":"","potentialAction":[{"@type":"SearchAction","target":{"@type":"EntryPoint","urlTemplate":"http:\/\/www.gabrielattic.com\/?s={search_term_string}"},"query-input":{"@type":"PropertyValueSpecification","valueRequired":true,"valueName":"search_term_string"}}],"inLanguage":"fr-FR"}]}},"_links":{"self":[{"href":"https:\/\/www.sjgsanchez.fr\/gabrielattic\/wp-json\/wp\/v2\/pages\/239","targetHints":{"allow":["GET"]}}],"collection":[{"href":"https:\/\/www.sjgsanchez.fr\/gabrielattic\/wp-json\/wp\/v2\/pages"}],"about":[{"href":"https:\/\/www.sjgsanchez.fr\/gabrielattic\/wp-json\/wp\/v2\/types\/page"}],"author":[{"embeddable":true,"href":"https:\/\/www.sjgsanchez.fr\/gabrielattic\/wp-json\/wp\/v2\/users\/2"}],"replies":[{"embeddable":true,"href":"https:\/\/www.sjgsanchez.fr\/gabrielattic\/wp-json\/wp\/v2\/comments?post=239"}],"version-history":[{"count":2,"href":"https:\/\/www.sjgsanchez.fr\/gabrielattic\/wp-json\/wp\/v2\/pages\/239\/revisions"}],"predecessor-version":[{"id":246,"href":"https:\/\/www.sjgsanchez.fr\/gabrielattic\/wp-json\/wp\/v2\/pages\/239\/revisions\/246"}],"wp:attachment":[{"href":"https:\/\/www.sjgsanchez.fr\/gabrielattic\/wp-json\/wp\/v2\/media?parent=239"}],"curies":[{"name":"wp","href":"https:\/\/api.w.org\/{rel}","templated":true}]}}