{"id":25,"date":"2018-05-05T14:37:13","date_gmt":"2018-05-05T12:37:13","guid":{"rendered":"http:\/\/www.sjgsanchez.fr\/gabrielattic\/?page_id=25"},"modified":"2019-03-17T18:11:31","modified_gmt":"2019-03-17T17:11:31","slug":"le-chemin-de-damas","status":"publish","type":"page","link":"https:\/\/www.sjgsanchez.fr\/gabrielattic\/oeuvres\/le-chemin-de-damas\/","title":{"rendered":"Le chemin de Damas"},"content":{"rendered":"<h1>Le chemin de&nbsp;Damas<\/h1>\n<p><strong>R\u00e9cit de jeunesse \u00e9crit sans intention litt\u00e9raire, \u00e0 compte d\u2019auteur. <\/strong><\/p>\n<p><strong>Cette histoire a \u00e9t\u00e9 compos\u00e9e de 1998 \u00e0 2000 afin d\u2019exorciser de vieux d\u00e9mons. Elle conte l\u2019aventure d\u2019un jeune homme au Proche-Orient sur fond religieux. <\/strong><\/p>\n<p><strong>Gabriel Attic s\u2019inspire en partie de son s\u00e9jour estudiantin \u00e0 l\u2019Ecole Biblique de J\u00e9rusalem en 1994-1995. Le r\u00e9cit n\u2019est aucunement biographique mais purement fictif.&nbsp;<\/strong><\/p>\n<p><img loading=\"lazy\" decoding=\"async\" class=\"alignnone size-medium wp-image-53\" src=\"https:\/\/www.sjgsanchez.fr\/gabrielattic\/wp-content\/uploads\/sites\/2\/2018\/05\/chemdam001-206x300.jpg\" alt=\"\" width=\"206\" height=\"300\" srcset=\"https:\/\/www.sjgsanchez.fr\/gabrielattic\/wp-content\/uploads\/sites\/2\/2018\/05\/chemdam001-206x300.jpg 206w, https:\/\/www.sjgsanchez.fr\/gabrielattic\/wp-content\/uploads\/sites\/2\/2018\/05\/chemdam001-768x1116.jpg 768w, https:\/\/www.sjgsanchez.fr\/gabrielattic\/wp-content\/uploads\/sites\/2\/2018\/05\/chemdam001-704x1024.jpg 704w, https:\/\/www.sjgsanchez.fr\/gabrielattic\/wp-content\/uploads\/sites\/2\/2018\/05\/chemdam001.jpg 1340w\" sizes=\"auto, (max-width: 206px) 100vw, 206px\" \/> <img loading=\"lazy\" decoding=\"async\" class=\"alignnone size-medium wp-image-54\" src=\"https:\/\/www.sjgsanchez.fr\/gabrielattic\/wp-content\/uploads\/sites\/2\/2018\/05\/chemdam4couv002-209x300.jpg\" alt=\"\" width=\"209\" height=\"300\" srcset=\"https:\/\/www.sjgsanchez.fr\/gabrielattic\/wp-content\/uploads\/sites\/2\/2018\/05\/chemdam4couv002-209x300.jpg 209w, https:\/\/www.sjgsanchez.fr\/gabrielattic\/wp-content\/uploads\/sites\/2\/2018\/05\/chemdam4couv002-768x1105.jpg 768w, https:\/\/www.sjgsanchez.fr\/gabrielattic\/wp-content\/uploads\/sites\/2\/2018\/05\/chemdam4couv002-712x1024.jpg 712w, https:\/\/www.sjgsanchez.fr\/gabrielattic\/wp-content\/uploads\/sites\/2\/2018\/05\/chemdam4couv002.jpg 1340w\" sizes=\"auto, (max-width: 209px) 100vw, 209px\" \/><\/p>\n","protected":false},"excerpt":{"rendered":"<p>Le chemin de&nbsp;Damas R\u00e9cit de jeunesse \u00e9crit sans intention litt\u00e9raire, \u00e0 compte d\u2019auteur. Cette histoire a \u00e9t\u00e9 compos\u00e9e de 1998 \u00e0 2000 afin d\u2019exorciser de vieux d\u00e9mons. Elle conte l\u2019aventure d\u2019un jeune homme au Proche-Orient sur fond religieux. Gabriel Attic s\u2019inspire en partie de son s\u00e9jour estudiantin \u00e0 l\u2019Ecole Biblique de J\u00e9rusalem en 1994-1995. Le [&hellip;]<\/p>\n","protected":false},"author":1,"featured_media":0,"parent":23,"menu_order":0,"comment_status":"closed","ping_status":"closed","template":"","meta":{"footnotes":""},"class_list":["post-25","page","type-page","status-publish","hentry"],"yoast_head":"<!-- This site is optimized with the Yoast SEO plugin v25.5 - https:\/\/yoast.com\/wordpress\/plugins\/seo\/ -->\n<title>Le chemin de Damas - Gabriel Attic<\/title>\n<meta name=\"robots\" content=\"index, follow, max-snippet:-1, max-image-preview:large, max-video-preview:-1\" \/>\n<link rel=\"canonical\" href=\"https:\/\/www.sjgsanchez.fr\/gabrielattic\/oeuvres\/le-chemin-de-damas\/\" \/>\n<meta property=\"og:locale\" content=\"fr_FR\" \/>\n<meta property=\"og:type\" content=\"article\" \/>\n<meta property=\"og:title\" content=\"Le chemin de Damas - Gabriel Attic\" \/>\n<meta property=\"og:description\" content=\"Le chemin de&nbsp;Damas R\u00e9cit de jeunesse \u00e9crit sans intention litt\u00e9raire, \u00e0 compte d\u2019auteur. Cette histoire a \u00e9t\u00e9 compos\u00e9e de 1998 \u00e0 2000 afin d\u2019exorciser de vieux d\u00e9mons. Elle conte l\u2019aventure d\u2019un jeune homme au Proche-Orient sur fond religieux. Gabriel Attic s\u2019inspire en partie de son s\u00e9jour estudiantin \u00e0 l\u2019Ecole Biblique de J\u00e9rusalem en 1994-1995. Le [&hellip;]\" \/>\n<meta property=\"og:url\" content=\"https:\/\/www.sjgsanchez.fr\/gabrielattic\/oeuvres\/le-chemin-de-damas\/\" \/>\n<meta property=\"og:site_name\" content=\"Gabriel Attic\" \/>\n<meta property=\"article:modified_time\" content=\"2019-03-17T17:11:31+00:00\" \/>\n<meta property=\"og:image\" content=\"https:\/\/www.sjgsanchez.fr\/gabrielattic\/wp-content\/uploads\/sites\/2\/2018\/05\/chemdam001-206x300.jpg\" \/>\n<meta name=\"twitter:card\" content=\"summary_large_image\" \/>\n<script type=\"application\/ld+json\" class=\"yoast-schema-graph\">{\"@context\":\"https:\/\/schema.org\",\"@graph\":[{\"@type\":\"WebPage\",\"@id\":\"https:\/\/www.sjgsanchez.fr\/gabrielattic\/oeuvres\/le-chemin-de-damas\/\",\"url\":\"https:\/\/www.sjgsanchez.fr\/gabrielattic\/oeuvres\/le-chemin-de-damas\/\",\"name\":\"Le chemin de Damas - Gabriel Attic\",\"isPartOf\":{\"@id\":\"https:\/\/www.sjgsanchez.fr\/gabrielattic\/#website\"},\"primaryImageOfPage\":{\"@id\":\"https:\/\/www.sjgsanchez.fr\/gabrielattic\/oeuvres\/le-chemin-de-damas\/#primaryimage\"},\"image\":{\"@id\":\"https:\/\/www.sjgsanchez.fr\/gabrielattic\/oeuvres\/le-chemin-de-damas\/#primaryimage\"},\"thumbnailUrl\":\"https:\/\/www.sjgsanchez.fr\/gabrielattic\/wp-content\/uploads\/sites\/2\/2018\/05\/chemdam001-206x300.jpg\",\"datePublished\":\"2018-05-05T12:37:13+00:00\",\"dateModified\":\"2019-03-17T17:11:31+00:00\",\"breadcrumb\":{\"@id\":\"https:\/\/www.sjgsanchez.fr\/gabrielattic\/oeuvres\/le-chemin-de-damas\/#breadcrumb\"},\"inLanguage\":\"fr-FR\",\"potentialAction\":[{\"@type\":\"ReadAction\",\"target\":[\"https:\/\/www.sjgsanchez.fr\/gabrielattic\/oeuvres\/le-chemin-de-damas\/\"]}]},{\"@type\":\"ImageObject\",\"inLanguage\":\"fr-FR\",\"@id\":\"https:\/\/www.sjgsanchez.fr\/gabrielattic\/oeuvres\/le-chemin-de-damas\/#primaryimage\",\"url\":\"https:\/\/www.sjgsanchez.fr\/gabrielattic\/wp-content\/uploads\/sites\/2\/2018\/05\/chemdam001.jpg\",\"contentUrl\":\"https:\/\/www.sjgsanchez.fr\/gabrielattic\/wp-content\/uploads\/sites\/2\/2018\/05\/chemdam001.jpg\",\"width\":1340,\"height\":1948},{\"@type\":\"BreadcrumbList\",\"@id\":\"https:\/\/www.sjgsanchez.fr\/gabrielattic\/oeuvres\/le-chemin-de-damas\/#breadcrumb\",\"itemListElement\":[{\"@type\":\"ListItem\",\"position\":1,\"name\":\"Accueil\",\"item\":\"https:\/\/www.sjgsanchez.fr\/gabrielattic\/\"},{\"@type\":\"ListItem\",\"position\":2,\"name\":\"Oeuvres\",\"item\":\"https:\/\/www.sjgsanchez.fr\/gabrielattic\/oeuvres\/\"},{\"@type\":\"ListItem\",\"position\":3,\"name\":\"Le chemin de Damas\"}]},{\"@type\":\"WebSite\",\"@id\":\"https:\/\/www.sjgsanchez.fr\/gabrielattic\/#website\",\"url\":\"https:\/\/www.sjgsanchez.fr\/gabrielattic\/\",\"name\":\"Gabriel Attic\",\"description\":\"\",\"potentialAction\":[{\"@type\":\"SearchAction\",\"target\":{\"@type\":\"EntryPoint\",\"urlTemplate\":\"https:\/\/www.sjgsanchez.fr\/gabrielattic\/?s={search_term_string}\"},\"query-input\":{\"@type\":\"PropertyValueSpecification\",\"valueRequired\":true,\"valueName\":\"search_term_string\"}}],\"inLanguage\":\"fr-FR\"}]}<\/script>\n<!-- \/ Yoast SEO plugin. -->","yoast_head_json":{"title":"Le chemin de Damas - Gabriel Attic","robots":{"index":"index","follow":"follow","max-snippet":"max-snippet:-1","max-image-preview":"max-image-preview:large","max-video-preview":"max-video-preview:-1"},"canonical":"https:\/\/www.sjgsanchez.fr\/gabrielattic\/oeuvres\/le-chemin-de-damas\/","og_locale":"fr_FR","og_type":"article","og_title":"Le chemin de Damas - Gabriel Attic","og_description":"Le chemin de&nbsp;Damas R\u00e9cit de jeunesse \u00e9crit sans intention litt\u00e9raire, \u00e0 compte d\u2019auteur. Cette histoire a \u00e9t\u00e9 compos\u00e9e de 1998 \u00e0 2000 afin d\u2019exorciser de vieux d\u00e9mons. Elle conte l\u2019aventure d\u2019un jeune homme au Proche-Orient sur fond religieux. Gabriel Attic s\u2019inspire en partie de son s\u00e9jour estudiantin \u00e0 l\u2019Ecole Biblique de J\u00e9rusalem en 1994-1995. Le [&hellip;]","og_url":"https:\/\/www.sjgsanchez.fr\/gabrielattic\/oeuvres\/le-chemin-de-damas\/","og_site_name":"Gabriel Attic","article_modified_time":"2019-03-17T17:11:31+00:00","og_image":[{"url":"https:\/\/www.sjgsanchez.fr\/gabrielattic\/wp-content\/uploads\/sites\/2\/2018\/05\/chemdam001-206x300.jpg","type":"","width":"","height":""}],"twitter_card":"summary_large_image","schema":{"@context":"https:\/\/schema.org","@graph":[{"@type":"WebPage","@id":"https:\/\/www.sjgsanchez.fr\/gabrielattic\/oeuvres\/le-chemin-de-damas\/","url":"https:\/\/www.sjgsanchez.fr\/gabrielattic\/oeuvres\/le-chemin-de-damas\/","name":"Le chemin de Damas - Gabriel Attic","isPartOf":{"@id":"https:\/\/www.sjgsanchez.fr\/gabrielattic\/#website"},"primaryImageOfPage":{"@id":"https:\/\/www.sjgsanchez.fr\/gabrielattic\/oeuvres\/le-chemin-de-damas\/#primaryimage"},"image":{"@id":"https:\/\/www.sjgsanchez.fr\/gabrielattic\/oeuvres\/le-chemin-de-damas\/#primaryimage"},"thumbnailUrl":"https:\/\/www.sjgsanchez.fr\/gabrielattic\/wp-content\/uploads\/sites\/2\/2018\/05\/chemdam001-206x300.jpg","datePublished":"2018-05-05T12:37:13+00:00","dateModified":"2019-03-17T17:11:31+00:00","breadcrumb":{"@id":"https:\/\/www.sjgsanchez.fr\/gabrielattic\/oeuvres\/le-chemin-de-damas\/#breadcrumb"},"inLanguage":"fr-FR","potentialAction":[{"@type":"ReadAction","target":["https:\/\/www.sjgsanchez.fr\/gabrielattic\/oeuvres\/le-chemin-de-damas\/"]}]},{"@type":"ImageObject","inLanguage":"fr-FR","@id":"https:\/\/www.sjgsanchez.fr\/gabrielattic\/oeuvres\/le-chemin-de-damas\/#primaryimage","url":"https:\/\/www.sjgsanchez.fr\/gabrielattic\/wp-content\/uploads\/sites\/2\/2018\/05\/chemdam001.jpg","contentUrl":"https:\/\/www.sjgsanchez.fr\/gabrielattic\/wp-content\/uploads\/sites\/2\/2018\/05\/chemdam001.jpg","width":1340,"height":1948},{"@type":"BreadcrumbList","@id":"https:\/\/www.sjgsanchez.fr\/gabrielattic\/oeuvres\/le-chemin-de-damas\/#breadcrumb","itemListElement":[{"@type":"ListItem","position":1,"name":"Accueil","item":"https:\/\/www.sjgsanchez.fr\/gabrielattic\/"},{"@type":"ListItem","position":2,"name":"Oeuvres","item":"https:\/\/www.sjgsanchez.fr\/gabrielattic\/oeuvres\/"},{"@type":"ListItem","position":3,"name":"Le chemin de Damas"}]},{"@type":"WebSite","@id":"https:\/\/www.sjgsanchez.fr\/gabrielattic\/#website","url":"https:\/\/www.sjgsanchez.fr\/gabrielattic\/","name":"Gabriel Attic","description":"","potentialAction":[{"@type":"SearchAction","target":{"@type":"EntryPoint","urlTemplate":"https:\/\/www.sjgsanchez.fr\/gabrielattic\/?s={search_term_string}"},"query-input":{"@type":"PropertyValueSpecification","valueRequired":true,"valueName":"search_term_string"}}],"inLanguage":"fr-FR"}]}},"_links":{"self":[{"href":"https:\/\/www.sjgsanchez.fr\/gabrielattic\/wp-json\/wp\/v2\/pages\/25","targetHints":{"allow":["GET"]}}],"collection":[{"href":"https:\/\/www.sjgsanchez.fr\/gabrielattic\/wp-json\/wp\/v2\/pages"}],"about":[{"href":"https:\/\/www.sjgsanchez.fr\/gabrielattic\/wp-json\/wp\/v2\/types\/page"}],"author":[{"embeddable":true,"href":"https:\/\/www.sjgsanchez.fr\/gabrielattic\/wp-json\/wp\/v2\/users\/1"}],"replies":[{"embeddable":true,"href":"https:\/\/www.sjgsanchez.fr\/gabrielattic\/wp-json\/wp\/v2\/comments?post=25"}],"version-history":[{"count":6,"href":"https:\/\/www.sjgsanchez.fr\/gabrielattic\/wp-json\/wp\/v2\/pages\/25\/revisions"}],"predecessor-version":[{"id":133,"href":"https:\/\/www.sjgsanchez.fr\/gabrielattic\/wp-json\/wp\/v2\/pages\/25\/revisions\/133"}],"up":[{"embeddable":true,"href":"https:\/\/www.sjgsanchez.fr\/gabrielattic\/wp-json\/wp\/v2\/pages\/23"}],"wp:attachment":[{"href":"https:\/\/www.sjgsanchez.fr\/gabrielattic\/wp-json\/wp\/v2\/media?parent=25"}],"curies":[{"name":"wp","href":"https:\/\/api.w.org\/{rel}","templated":true}]}}