{"id":44,"date":"2018-05-05T14:46:11","date_gmt":"2018-05-05T12:46:11","guid":{"rendered":"http:\/\/www.sjgsanchez.fr\/gabrielattic\/?page_id=44"},"modified":"2019-03-17T18:10:56","modified_gmt":"2019-03-17T17:10:56","slug":"leau-et-le-sel","status":"publish","type":"page","link":"https:\/\/www.sjgsanchez.fr\/gabrielattic\/oeuvres\/leau-et-le-sel\/","title":{"rendered":"L&rsquo;eau et le sel"},"content":{"rendered":"<h1>L\u2019eau et le&nbsp;sel<\/h1>\n<p><strong>D\u00e9crire le tango argentin comme un parcours mystique. L\u2019histoire raconte la vie d\u2019un homme accabl\u00e9 par le destin, et qui va trouver son salut dans cette danse.&nbsp;<\/strong><\/p>\n<p><strong>Dans cet apprentissage, le conflit est double : son pass\u00e9 qui l\u2019aspire vers le bas et le monde de la danse qui heurte ses id\u00e9es re\u00e7ues. Le protagoniste va progressivement se m\u00e9tamorphoser et retrouver go\u00fbt \u00e0 la vie. D\u2019une chenille qui rampe, il va devenir un papillon qui attire le regard.&nbsp;<\/strong><\/p>\n<p><strong>Ce livre montre que l\u2019extase mystique et l\u2019exp\u00e9rience \u00e9rotique sont tr\u00e8s proches. Le corps est n\u00e9cessaire pour vivre ces deux ph\u00e9nom\u00e8nes et, dans les deux cas, le corps conduit \u00e0 l\u2019ivresse de l\u2019\u00e2me, qui s\u2019affranchit de l\u2019espace et du temps, n\u2019appr\u00e9hendant ce qui est terrestre que par le rythme.&nbsp;<\/strong><\/p>\n<p>&nbsp;<\/p>\n<p><img loading=\"lazy\" decoding=\"async\" class=\"alignnone size-medium wp-image-56\" src=\"https:\/\/www.sjgsanchez.fr\/gabrielattic\/wp-content\/uploads\/sites\/2\/2018\/05\/1ecouv-205x300.jpg\" alt=\"\" width=\"205\" height=\"300\" srcset=\"https:\/\/www.sjgsanchez.fr\/gabrielattic\/wp-content\/uploads\/sites\/2\/2018\/05\/1ecouv-205x300.jpg 205w, https:\/\/www.sjgsanchez.fr\/gabrielattic\/wp-content\/uploads\/sites\/2\/2018\/05\/1ecouv-768x1123.jpg 768w, https:\/\/www.sjgsanchez.fr\/gabrielattic\/wp-content\/uploads\/sites\/2\/2018\/05\/1ecouv-700x1024.jpg 700w, https:\/\/www.sjgsanchez.fr\/gabrielattic\/wp-content\/uploads\/sites\/2\/2018\/05\/1ecouv.jpg 1653w\" sizes=\"auto, (max-width: 205px) 100vw, 205px\" \/> <img loading=\"lazy\" decoding=\"async\" class=\"alignnone size-medium wp-image-52\" src=\"https:\/\/www.sjgsanchez.fr\/gabrielattic\/wp-content\/uploads\/sites\/2\/2018\/05\/4ecouv-220x300.jpg\" alt=\"\" width=\"220\" height=\"300\" srcset=\"https:\/\/www.sjgsanchez.fr\/gabrielattic\/wp-content\/uploads\/sites\/2\/2018\/05\/4ecouv-220x300.jpg 220w, https:\/\/www.sjgsanchez.fr\/gabrielattic\/wp-content\/uploads\/sites\/2\/2018\/05\/4ecouv-768x1049.jpg 768w, https:\/\/www.sjgsanchez.fr\/gabrielattic\/wp-content\/uploads\/sites\/2\/2018\/05\/4ecouv-750x1024.jpg 750w, https:\/\/www.sjgsanchez.fr\/gabrielattic\/wp-content\/uploads\/sites\/2\/2018\/05\/4ecouv.jpg 1773w\" sizes=\"auto, (max-width: 220px) 100vw, 220px\" \/><img loading=\"lazy\" decoding=\"async\" class=\"alignnone size-medium wp-image-77\" src=\"https:\/\/www.sjgsanchez.fr\/gabrielattic\/wp-content\/uploads\/sites\/2\/2018\/06\/rosadefuegoVD-300x150.jpg\" alt=\"\" width=\"300\" height=\"150\" srcset=\"https:\/\/www.sjgsanchez.fr\/gabrielattic\/wp-content\/uploads\/sites\/2\/2018\/06\/rosadefuegoVD-300x150.jpg 300w, https:\/\/www.sjgsanchez.fr\/gabrielattic\/wp-content\/uploads\/sites\/2\/2018\/06\/rosadefuegoVD.jpg 587w\" sizes=\"auto, (max-width: 300px) 100vw, 300px\" \/><\/p>\n<p><a href=\"https:\/\/www.sjgsanchez.fr\/gabrielattic\/wp-content\/uploads\/sites\/2\/2018\/06\/extrait.pdf\">extrait chap.5<\/a><\/p>\n<p><a href=\"https:\/\/www.sjgsanchez.fr\/gabrielattic\/wp-content\/uploads\/sites\/2\/2018\/06\/reglesdecryptage.pdf\">r\u00e8gles de cryptage du conte initiatique<\/a><\/p>\n<h2>pr\u00e9sentation du livre en sept. 2013<\/h2>\n<p><iframe loading=\"lazy\" title=\"Gabriel Attic   lecture\" width=\"640\" height=\"360\" src=\"https:\/\/www.youtube.com\/embed\/3P01VMR5rHQ?feature=oembed\" frameborder=\"0\" allow=\"accelerometer; autoplay; clipboard-write; encrypted-media; gyroscope; picture-in-picture; web-share\" referrerpolicy=\"strict-origin-when-cross-origin\" allowfullscreen><\/iframe><\/p>\n","protected":false},"excerpt":{"rendered":"<p>L\u2019eau et le&nbsp;sel D\u00e9crire le tango argentin comme un parcours mystique. L\u2019histoire raconte la vie d\u2019un homme accabl\u00e9 par le destin, et qui va trouver son salut dans cette danse.&nbsp; Dans cet apprentissage, le conflit est double : son pass\u00e9 qui l\u2019aspire vers le bas et le monde de la danse qui heurte ses id\u00e9es [&hellip;]<\/p>\n","protected":false},"author":1,"featured_media":0,"parent":23,"menu_order":0,"comment_status":"closed","ping_status":"closed","template":"","meta":{"footnotes":""},"class_list":["post-44","page","type-page","status-publish","hentry"],"yoast_head":"<!-- This site is optimized with the Yoast SEO plugin v25.5 - https:\/\/yoast.com\/wordpress\/plugins\/seo\/ -->\n<title>L&#039;eau et le sel - Gabriel Attic<\/title>\n<meta name=\"robots\" content=\"index, follow, max-snippet:-1, max-image-preview:large, max-video-preview:-1\" \/>\n<link rel=\"canonical\" href=\"https:\/\/www.gabrielattic.com\/oeuvres\/leau-et-le-sel\/\" \/>\n<meta property=\"og:locale\" content=\"fr_FR\" \/>\n<meta property=\"og:type\" content=\"article\" \/>\n<meta property=\"og:title\" content=\"L&#039;eau et le sel - Gabriel Attic\" \/>\n<meta property=\"og:description\" content=\"L\u2019eau et le&nbsp;sel D\u00e9crire le tango argentin comme un parcours mystique. L\u2019histoire raconte la vie d\u2019un homme accabl\u00e9 par le destin, et qui va trouver son salut dans cette danse.&nbsp; Dans cet apprentissage, le conflit est double : son pass\u00e9 qui l\u2019aspire vers le bas et le monde de la danse qui heurte ses id\u00e9es [&hellip;]\" \/>\n<meta property=\"og:url\" content=\"https:\/\/www.gabrielattic.com\/oeuvres\/leau-et-le-sel\/\" \/>\n<meta property=\"og:site_name\" content=\"Gabriel Attic\" \/>\n<meta property=\"article:modified_time\" content=\"2019-03-17T17:10:56+00:00\" \/>\n<meta property=\"og:image\" content=\"https:\/\/www.sjgsanchez.fr\/gabrielattic\/wp-content\/uploads\/sites\/2\/2018\/05\/1ecouv-205x300.jpg\" \/>\n<meta name=\"twitter:card\" content=\"summary_large_image\" \/>\n<meta name=\"twitter:label1\" content=\"Dur\u00e9e de lecture estim\u00e9e\" \/>\n\t<meta name=\"twitter:data1\" content=\"1 minute\" \/>\n<script type=\"application\/ld+json\" class=\"yoast-schema-graph\">{\"@context\":\"https:\/\/schema.org\",\"@graph\":[{\"@type\":\"WebPage\",\"@id\":\"https:\/\/www.gabrielattic.com\/oeuvres\/leau-et-le-sel\/\",\"url\":\"https:\/\/www.gabrielattic.com\/oeuvres\/leau-et-le-sel\/\",\"name\":\"L'eau et le sel - Gabriel Attic\",\"isPartOf\":{\"@id\":\"http:\/\/gabrielattic.com\/#website\"},\"primaryImageOfPage\":{\"@id\":\"https:\/\/www.gabrielattic.com\/oeuvres\/leau-et-le-sel\/#primaryimage\"},\"image\":{\"@id\":\"https:\/\/www.gabrielattic.com\/oeuvres\/leau-et-le-sel\/#primaryimage\"},\"thumbnailUrl\":\"https:\/\/www.sjgsanchez.fr\/gabrielattic\/wp-content\/uploads\/sites\/2\/2018\/05\/1ecouv-205x300.jpg\",\"datePublished\":\"2018-05-05T12:46:11+00:00\",\"dateModified\":\"2019-03-17T17:10:56+00:00\",\"breadcrumb\":{\"@id\":\"https:\/\/www.gabrielattic.com\/oeuvres\/leau-et-le-sel\/#breadcrumb\"},\"inLanguage\":\"fr-FR\",\"potentialAction\":[{\"@type\":\"ReadAction\",\"target\":[\"https:\/\/www.gabrielattic.com\/oeuvres\/leau-et-le-sel\/\"]}]},{\"@type\":\"ImageObject\",\"inLanguage\":\"fr-FR\",\"@id\":\"https:\/\/www.gabrielattic.com\/oeuvres\/leau-et-le-sel\/#primaryimage\",\"url\":\"https:\/\/www.sjgsanchez.fr\/gabrielattic\/wp-content\/uploads\/sites\/2\/2018\/05\/1ecouv.jpg\",\"contentUrl\":\"https:\/\/www.sjgsanchez.fr\/gabrielattic\/wp-content\/uploads\/sites\/2\/2018\/05\/1ecouv.jpg\",\"width\":1653,\"height\":2418},{\"@type\":\"BreadcrumbList\",\"@id\":\"https:\/\/www.gabrielattic.com\/oeuvres\/leau-et-le-sel\/#breadcrumb\",\"itemListElement\":[{\"@type\":\"ListItem\",\"position\":1,\"name\":\"Accueil\",\"item\":\"http:\/\/gabrielattic.com\/\"},{\"@type\":\"ListItem\",\"position\":2,\"name\":\"Oeuvres\",\"item\":\"https:\/\/www.gabrielattic.com\/oeuvres\/\"},{\"@type\":\"ListItem\",\"position\":3,\"name\":\"L&rsquo;eau et le sel\"}]},{\"@type\":\"WebSite\",\"@id\":\"http:\/\/gabrielattic.com\/#website\",\"url\":\"http:\/\/gabrielattic.com\/\",\"name\":\"Gabriel Attic\",\"description\":\"\",\"potentialAction\":[{\"@type\":\"SearchAction\",\"target\":{\"@type\":\"EntryPoint\",\"urlTemplate\":\"http:\/\/gabrielattic.com\/?s={search_term_string}\"},\"query-input\":{\"@type\":\"PropertyValueSpecification\",\"valueRequired\":true,\"valueName\":\"search_term_string\"}}],\"inLanguage\":\"fr-FR\"}]}<\/script>\n<!-- \/ Yoast SEO plugin. -->","yoast_head_json":{"title":"L'eau et le sel - Gabriel Attic","robots":{"index":"index","follow":"follow","max-snippet":"max-snippet:-1","max-image-preview":"max-image-preview:large","max-video-preview":"max-video-preview:-1"},"canonical":"https:\/\/www.gabrielattic.com\/oeuvres\/leau-et-le-sel\/","og_locale":"fr_FR","og_type":"article","og_title":"L'eau et le sel - Gabriel Attic","og_description":"L\u2019eau et le&nbsp;sel D\u00e9crire le tango argentin comme un parcours mystique. L\u2019histoire raconte la vie d\u2019un homme accabl\u00e9 par le destin, et qui va trouver son salut dans cette danse.&nbsp; Dans cet apprentissage, le conflit est double : son pass\u00e9 qui l\u2019aspire vers le bas et le monde de la danse qui heurte ses id\u00e9es [&hellip;]","og_url":"https:\/\/www.gabrielattic.com\/oeuvres\/leau-et-le-sel\/","og_site_name":"Gabriel Attic","article_modified_time":"2019-03-17T17:10:56+00:00","og_image":[{"url":"https:\/\/www.sjgsanchez.fr\/gabrielattic\/wp-content\/uploads\/sites\/2\/2018\/05\/1ecouv-205x300.jpg","type":"","width":"","height":""}],"twitter_card":"summary_large_image","twitter_misc":{"Dur\u00e9e de lecture estim\u00e9e":"1 minute"},"schema":{"@context":"https:\/\/schema.org","@graph":[{"@type":"WebPage","@id":"https:\/\/www.gabrielattic.com\/oeuvres\/leau-et-le-sel\/","url":"https:\/\/www.gabrielattic.com\/oeuvres\/leau-et-le-sel\/","name":"L'eau et le sel - Gabriel Attic","isPartOf":{"@id":"http:\/\/gabrielattic.com\/#website"},"primaryImageOfPage":{"@id":"https:\/\/www.gabrielattic.com\/oeuvres\/leau-et-le-sel\/#primaryimage"},"image":{"@id":"https:\/\/www.gabrielattic.com\/oeuvres\/leau-et-le-sel\/#primaryimage"},"thumbnailUrl":"https:\/\/www.sjgsanchez.fr\/gabrielattic\/wp-content\/uploads\/sites\/2\/2018\/05\/1ecouv-205x300.jpg","datePublished":"2018-05-05T12:46:11+00:00","dateModified":"2019-03-17T17:10:56+00:00","breadcrumb":{"@id":"https:\/\/www.gabrielattic.com\/oeuvres\/leau-et-le-sel\/#breadcrumb"},"inLanguage":"fr-FR","potentialAction":[{"@type":"ReadAction","target":["https:\/\/www.gabrielattic.com\/oeuvres\/leau-et-le-sel\/"]}]},{"@type":"ImageObject","inLanguage":"fr-FR","@id":"https:\/\/www.gabrielattic.com\/oeuvres\/leau-et-le-sel\/#primaryimage","url":"https:\/\/www.sjgsanchez.fr\/gabrielattic\/wp-content\/uploads\/sites\/2\/2018\/05\/1ecouv.jpg","contentUrl":"https:\/\/www.sjgsanchez.fr\/gabrielattic\/wp-content\/uploads\/sites\/2\/2018\/05\/1ecouv.jpg","width":1653,"height":2418},{"@type":"BreadcrumbList","@id":"https:\/\/www.gabrielattic.com\/oeuvres\/leau-et-le-sel\/#breadcrumb","itemListElement":[{"@type":"ListItem","position":1,"name":"Accueil","item":"http:\/\/gabrielattic.com\/"},{"@type":"ListItem","position":2,"name":"Oeuvres","item":"https:\/\/www.gabrielattic.com\/oeuvres\/"},{"@type":"ListItem","position":3,"name":"L&rsquo;eau et le sel"}]},{"@type":"WebSite","@id":"http:\/\/gabrielattic.com\/#website","url":"http:\/\/gabrielattic.com\/","name":"Gabriel Attic","description":"","potentialAction":[{"@type":"SearchAction","target":{"@type":"EntryPoint","urlTemplate":"http:\/\/gabrielattic.com\/?s={search_term_string}"},"query-input":{"@type":"PropertyValueSpecification","valueRequired":true,"valueName":"search_term_string"}}],"inLanguage":"fr-FR"}]}},"_links":{"self":[{"href":"https:\/\/www.sjgsanchez.fr\/gabrielattic\/wp-json\/wp\/v2\/pages\/44","targetHints":{"allow":["GET"]}}],"collection":[{"href":"https:\/\/www.sjgsanchez.fr\/gabrielattic\/wp-json\/wp\/v2\/pages"}],"about":[{"href":"https:\/\/www.sjgsanchez.fr\/gabrielattic\/wp-json\/wp\/v2\/types\/page"}],"author":[{"embeddable":true,"href":"https:\/\/www.sjgsanchez.fr\/gabrielattic\/wp-json\/wp\/v2\/users\/1"}],"replies":[{"embeddable":true,"href":"https:\/\/www.sjgsanchez.fr\/gabrielattic\/wp-json\/wp\/v2\/comments?post=44"}],"version-history":[{"count":13,"href":"https:\/\/www.sjgsanchez.fr\/gabrielattic\/wp-json\/wp\/v2\/pages\/44\/revisions"}],"predecessor-version":[{"id":131,"href":"https:\/\/www.sjgsanchez.fr\/gabrielattic\/wp-json\/wp\/v2\/pages\/44\/revisions\/131"}],"up":[{"embeddable":true,"href":"https:\/\/www.sjgsanchez.fr\/gabrielattic\/wp-json\/wp\/v2\/pages\/23"}],"wp:attachment":[{"href":"https:\/\/www.sjgsanchez.fr\/gabrielattic\/wp-json\/wp\/v2\/media?parent=44"}],"curies":[{"name":"wp","href":"https:\/\/api.w.org\/{rel}","templated":true}]}}